{"id":8,"date":"2025-09-22T13:14:52","date_gmt":"2025-09-22T13:14:52","guid":{"rendered":"https:\/\/setti.it\/index.php\/carrello\/"},"modified":"2025-11-24T15:45:25","modified_gmt":"2025-11-24T15:45:25","slug":"carrello","status":"publish","type":"page","link":"https:\/\/setti.it\/pyroshop-bolzano\/carrello\/","title":{"rendered":"Carrello"},"content":{"rendered":"\t\t<div data-elementor-type=\"wp-page\" data-elementor-id=\"8\" class=\"elementor elementor-8\" data-elementor-post-type=\"page\">\n\t\t\t\t<div class=\"elementor-element elementor-element-584ecec e-con-full e-flex e-con e-parent\" data-id=\"584ecec\" data-element_type=\"container\">\n\t\t\t\t<\/div>\n\t\t\t\t<\/div>\n\t\t","protected":false},"excerpt":{"rendered":"<p>Shopping Cart Shipping and Checkout Confirmation Rimuovi articolo Miniatura immagine Prodotto Prezzo Quantit\u00e0 Subtotale &times; TQS BIG ROCKET SELECTION 1 32,00&nbsp;&euro; TQS BIG ROCKET SELECTION 1 quantit\u00e0 64,00&nbsp;&euro; &times; TQS BIG ROCKET SELECTION 2 32,00&nbsp;&euro; TQS BIG ROCKET SELECTION 2 quantit\u00e0 32,00&nbsp;&euro; Applica coupon Totale Carrello Subtotale 96,00&nbsp;&euro; Spedizione Ritiro presso il Piroshop di Genova [&hellip;]<\/p>\n","protected":false},"author":2,"featured_media":0,"parent":0,"menu_order":0,"comment_status":"closed","ping_status":"closed","template":"elementor_header_footer","meta":{"_acf_changed":false,"footnotes":""},"class_list":["post-8","page","type-page","status-publish","hentry"],"acf":[],"yoast_head":"<!-- This site is optimized with the Yoast SEO plugin v26.5 - https:\/\/yoast.com\/wordpress\/plugins\/seo\/ -->\n<title>Carrello - Pyroshop Bolzano<\/title>\n<meta name=\"robots\" content=\"noindex, follow, max-snippet:-1, max-image-preview:large, max-video-preview:-1\" \/>\n<meta property=\"og:locale\" content=\"it_IT\" \/>\n<meta property=\"og:type\" content=\"article\" \/>\n<meta property=\"og:title\" content=\"Carrello - Pyroshop Bolzano\" \/>\n<meta property=\"og:description\" content=\"Shopping Cart Shipping and Checkout Confirmation Rimuovi articolo Miniatura immagine Prodotto Prezzo Quantit\u00e0 Subtotale &times; TQS BIG ROCKET SELECTION 1 32,00&nbsp;&euro; TQS BIG ROCKET SELECTION 1 quantit\u00e0 64,00&nbsp;&euro; &times; TQS BIG ROCKET SELECTION 2 32,00&nbsp;&euro; TQS BIG ROCKET SELECTION 2 quantit\u00e0 32,00&nbsp;&euro; Applica coupon Totale Carrello Subtotale 96,00&nbsp;&euro; Spedizione Ritiro presso il Piroshop di Genova [&hellip;]\" \/>\n<meta property=\"og:url\" content=\"https:\/\/setti.it\/pyroshop-bolzano\/carrello\/\" \/>\n<meta property=\"og:site_name\" content=\"Pyroshop Bolzano\" \/>\n<meta property=\"article:modified_time\" content=\"2025-11-24T15:45:25+00:00\" \/>\n<meta property=\"og:image\" content=\"https:\/\/setti.it\/piroshop-bolzano\/wp-content\/uploads\/sites\/10\/woocommerce-placeholder-300x300.webp\" \/>\n<meta name=\"twitter:card\" content=\"summary_large_image\" \/>\n<meta name=\"twitter:label1\" content=\"Tempo di lettura stimato\" \/>\n\t<meta name=\"twitter:data1\" content=\"4 minuti\" \/>\n<script type=\"application\/ld+json\" class=\"yoast-schema-graph\">{\"@context\":\"https:\/\/schema.org\",\"@graph\":[{\"@type\":\"WebPage\",\"@id\":\"https:\/\/setti.it\/pyroshop-bolzano\/carrello\/\",\"url\":\"https:\/\/setti.it\/pyroshop-bolzano\/carrello\/\",\"name\":\"Carrello - Pyroshop Bolzano\",\"isPartOf\":{\"@id\":\"https:\/\/setti.it\/pyroshop-bolzano\/#website\"},\"primaryImageOfPage\":{\"@id\":\"https:\/\/setti.it\/pyroshop-bolzano\/carrello\/#primaryimage\"},\"image\":{\"@id\":\"https:\/\/setti.it\/pyroshop-bolzano\/carrello\/#primaryimage\"},\"thumbnailUrl\":\"https:\/\/setti.it\/piroshop-bolzano\/wp-content\/uploads\/sites\/10\/woocommerce-placeholder-300x300.webp\",\"datePublished\":\"2025-09-22T13:14:52+00:00\",\"dateModified\":\"2025-11-24T15:45:25+00:00\",\"breadcrumb\":{\"@id\":\"https:\/\/setti.it\/pyroshop-bolzano\/carrello\/#breadcrumb\"},\"inLanguage\":\"it-IT\",\"potentialAction\":[{\"@type\":\"ReadAction\",\"target\":[\"https:\/\/setti.it\/pyroshop-bolzano\/carrello\/\"]}]},{\"@type\":\"ImageObject\",\"inLanguage\":\"it-IT\",\"@id\":\"https:\/\/setti.it\/pyroshop-bolzano\/carrello\/#primaryimage\",\"url\":\"https:\/\/setti.it\/piroshop-bolzano\/wp-content\/uploads\/sites\/10\/woocommerce-placeholder-300x300.webp\",\"contentUrl\":\"https:\/\/setti.it\/piroshop-bolzano\/wp-content\/uploads\/sites\/10\/woocommerce-placeholder-300x300.webp\"},{\"@type\":\"BreadcrumbList\",\"@id\":\"https:\/\/setti.it\/pyroshop-bolzano\/carrello\/#breadcrumb\",\"itemListElement\":[{\"@type\":\"ListItem\",\"position\":1,\"name\":\"Home\",\"item\":\"https:\/\/setti.it\/pyroshop-bolzano\/\"},{\"@type\":\"ListItem\",\"position\":2,\"name\":\"Carrello\"}]},{\"@type\":\"WebSite\",\"@id\":\"https:\/\/setti.it\/pyroshop-bolzano\/#website\",\"url\":\"https:\/\/setti.it\/pyroshop-bolzano\/\",\"name\":\"Pyroshop Bolzano\",\"description\":\"Scopri la magia dei fuochi d&#039;artificio\",\"publisher\":{\"@id\":\"https:\/\/setti.it\/pyroshop-bolzano\/#organization\"},\"potentialAction\":[{\"@type\":\"SearchAction\",\"target\":{\"@type\":\"EntryPoint\",\"urlTemplate\":\"https:\/\/setti.it\/pyroshop-bolzano\/?s={search_term_string}\"},\"query-input\":{\"@type\":\"PropertyValueSpecification\",\"valueRequired\":true,\"valueName\":\"search_term_string\"}}],\"inLanguage\":\"it-IT\"},{\"@type\":\"Organization\",\"@id\":\"https:\/\/setti.it\/pyroshop-bolzano\/#organization\",\"name\":\"Pyroshop Bolzano\",\"url\":\"https:\/\/setti.it\/pyroshop-bolzano\/\",\"logo\":{\"@type\":\"ImageObject\",\"inLanguage\":\"it-IT\",\"@id\":\"https:\/\/setti.it\/pyroshop-bolzano\/#\/schema\/logo\/image\/\",\"url\":\"https:\/\/setti.it\/pyroshop-bolzano\/wp-content\/uploads\/sites\/10\/2025\/09\/setti-logo@150x.png\",\"contentUrl\":\"https:\/\/setti.it\/pyroshop-bolzano\/wp-content\/uploads\/sites\/10\/2025\/09\/setti-logo@150x.png\",\"caption\":\"Pyroshop Bolzano\"},\"image\":{\"@id\":\"https:\/\/setti.it\/pyroshop-bolzano\/#\/schema\/logo\/image\/\"}}]}<\/script>\n<!-- \/ Yoast SEO plugin. -->","yoast_head_json":{"title":"Carrello - Pyroshop Bolzano","robots":{"index":"noindex","follow":"follow","max-snippet":"max-snippet:-1","max-image-preview":"max-image-preview:large","max-video-preview":"max-video-preview:-1"},"og_locale":"it_IT","og_type":"article","og_title":"Carrello - Pyroshop Bolzano","og_description":"Shopping Cart Shipping and Checkout Confirmation Rimuovi articolo Miniatura immagine Prodotto Prezzo Quantit\u00e0 Subtotale &times; TQS BIG ROCKET SELECTION 1 32,00&nbsp;&euro; TQS BIG ROCKET SELECTION 1 quantit\u00e0 64,00&nbsp;&euro; &times; TQS BIG ROCKET SELECTION 2 32,00&nbsp;&euro; TQS BIG ROCKET SELECTION 2 quantit\u00e0 32,00&nbsp;&euro; Applica coupon Totale Carrello Subtotale 96,00&nbsp;&euro; Spedizione Ritiro presso il Piroshop di Genova [&hellip;]","og_url":"https:\/\/setti.it\/pyroshop-bolzano\/carrello\/","og_site_name":"Pyroshop Bolzano","article_modified_time":"2025-11-24T15:45:25+00:00","og_image":[{"url":"https:\/\/setti.it\/piroshop-bolzano\/wp-content\/uploads\/sites\/10\/woocommerce-placeholder-300x300.webp","type":"","width":"","height":""}],"twitter_card":"summary_large_image","twitter_misc":{"Tempo di lettura stimato":"4 minuti"},"schema":{"@context":"https:\/\/schema.org","@graph":[{"@type":"WebPage","@id":"https:\/\/setti.it\/pyroshop-bolzano\/carrello\/","url":"https:\/\/setti.it\/pyroshop-bolzano\/carrello\/","name":"Carrello - Pyroshop Bolzano","isPartOf":{"@id":"https:\/\/setti.it\/pyroshop-bolzano\/#website"},"primaryImageOfPage":{"@id":"https:\/\/setti.it\/pyroshop-bolzano\/carrello\/#primaryimage"},"image":{"@id":"https:\/\/setti.it\/pyroshop-bolzano\/carrello\/#primaryimage"},"thumbnailUrl":"https:\/\/setti.it\/piroshop-bolzano\/wp-content\/uploads\/sites\/10\/woocommerce-placeholder-300x300.webp","datePublished":"2025-09-22T13:14:52+00:00","dateModified":"2025-11-24T15:45:25+00:00","breadcrumb":{"@id":"https:\/\/setti.it\/pyroshop-bolzano\/carrello\/#breadcrumb"},"inLanguage":"it-IT","potentialAction":[{"@type":"ReadAction","target":["https:\/\/setti.it\/pyroshop-bolzano\/carrello\/"]}]},{"@type":"ImageObject","inLanguage":"it-IT","@id":"https:\/\/setti.it\/pyroshop-bolzano\/carrello\/#primaryimage","url":"https:\/\/setti.it\/piroshop-bolzano\/wp-content\/uploads\/sites\/10\/woocommerce-placeholder-300x300.webp","contentUrl":"https:\/\/setti.it\/piroshop-bolzano\/wp-content\/uploads\/sites\/10\/woocommerce-placeholder-300x300.webp"},{"@type":"BreadcrumbList","@id":"https:\/\/setti.it\/pyroshop-bolzano\/carrello\/#breadcrumb","itemListElement":[{"@type":"ListItem","position":1,"name":"Home","item":"https:\/\/setti.it\/pyroshop-bolzano\/"},{"@type":"ListItem","position":2,"name":"Carrello"}]},{"@type":"WebSite","@id":"https:\/\/setti.it\/pyroshop-bolzano\/#website","url":"https:\/\/setti.it\/pyroshop-bolzano\/","name":"Pyroshop Bolzano","description":"Scopri la magia dei fuochi d&#039;artificio","publisher":{"@id":"https:\/\/setti.it\/pyroshop-bolzano\/#organization"},"potentialAction":[{"@type":"SearchAction","target":{"@type":"EntryPoint","urlTemplate":"https:\/\/setti.it\/pyroshop-bolzano\/?s={search_term_string}"},"query-input":{"@type":"PropertyValueSpecification","valueRequired":true,"valueName":"search_term_string"}}],"inLanguage":"it-IT"},{"@type":"Organization","@id":"https:\/\/setti.it\/pyroshop-bolzano\/#organization","name":"Pyroshop Bolzano","url":"https:\/\/setti.it\/pyroshop-bolzano\/","logo":{"@type":"ImageObject","inLanguage":"it-IT","@id":"https:\/\/setti.it\/pyroshop-bolzano\/#\/schema\/logo\/image\/","url":"https:\/\/setti.it\/pyroshop-bolzano\/wp-content\/uploads\/sites\/10\/2025\/09\/setti-logo@150x.png","contentUrl":"https:\/\/setti.it\/pyroshop-bolzano\/wp-content\/uploads\/sites\/10\/2025\/09\/setti-logo@150x.png","caption":"Pyroshop Bolzano"},"image":{"@id":"https:\/\/setti.it\/pyroshop-bolzano\/#\/schema\/logo\/image\/"}}]}},"jetpack_sharing_enabled":true,"_links":{"self":[{"href":"https:\/\/setti.it\/pyroshop-bolzano\/wp-json\/wp\/v2\/pages\/8","targetHints":{"allow":["GET"]}}],"collection":[{"href":"https:\/\/setti.it\/pyroshop-bolzano\/wp-json\/wp\/v2\/pages"}],"about":[{"href":"https:\/\/setti.it\/pyroshop-bolzano\/wp-json\/wp\/v2\/types\/page"}],"author":[{"embeddable":true,"href":"https:\/\/setti.it\/pyroshop-bolzano\/wp-json\/wp\/v2\/users\/2"}],"replies":[{"embeddable":true,"href":"https:\/\/setti.it\/pyroshop-bolzano\/wp-json\/wp\/v2\/comments?post=8"}],"version-history":[{"count":19,"href":"https:\/\/setti.it\/pyroshop-bolzano\/wp-json\/wp\/v2\/pages\/8\/revisions"}],"predecessor-version":[{"id":1478,"href":"https:\/\/setti.it\/pyroshop-bolzano\/wp-json\/wp\/v2\/pages\/8\/revisions\/1478"}],"wp:attachment":[{"href":"https:\/\/setti.it\/pyroshop-bolzano\/wp-json\/wp\/v2\/media?parent=8"}],"curies":[{"name":"wp","href":"https:\/\/api.w.org\/{rel}","templated":true}]}}