{"id":1257,"date":"2025-11-04T10:47:51","date_gmt":"2025-11-04T10:47:51","guid":{"rendered":"https:\/\/setti.it\/piroshop-genova\/?page_id=1257"},"modified":"2026-01-09T12:13:44","modified_gmt":"2026-01-09T12:13:44","slug":"contatti","status":"publish","type":"page","link":"https:\/\/setti.it\/pyroshop-genova\/contatti\/","title":{"rendered":"Contatti"},"content":{"rendered":"\t\t<div data-elementor-type=\"wp-page\" data-elementor-id=\"1257\" class=\"elementor elementor-1257\" data-elementor-post-type=\"page\">\n\t\t\t\t<div class=\"elementor-element elementor-element-e40be72 e-con-full e-flex e-con e-parent\" data-id=\"e40be72\" data-element_type=\"container\">\n\t\t<div class=\"elementor-element elementor-element-97b3dfe e-con-full e-flex e-con e-child\" data-id=\"97b3dfe\" data-element_type=\"container\">\n\t\t<div class=\"elementor-element elementor-element-e05409d e-con-full e-flex e-con e-child\" data-id=\"e05409d\" data-element_type=\"container\">\n\t\t\t\t<div class=\"elementor-element elementor-element-e5cfdf7 elementor-widget elementor-widget-image\" data-id=\"e5cfdf7\" data-element_type=\"widget\" data-widget_type=\"image.default\">\n\t\t\t\t\t\t\t\t\t\t\t\t\t\t\t<img decoding=\"async\" width=\"1\" height=\"1\" src=\"https:\/\/setti.it\/pyroshop-genova\/wp-content\/uploads\/sites\/4\/2025\/12\/pyro-setti-genova-1.jpeg\" class=\"attachment-large size-large wp-image-1660\" alt=\"\" sizes=\"\" \/>\t\t\t\t\t\t\t\t\t\t\t\t\t\t\t<\/div>\n\t\t\t\t<\/div>\n\t\t<div class=\"elementor-element elementor-element-f0a5344 e-con-full e-flex e-con e-child\" data-id=\"f0a5344\" data-element_type=\"container\">\n\t\t\t\t<div class=\"elementor-element elementor-element-e74e0a4 elementor-widget elementor-widget-heading\" data-id=\"e74e0a4\" data-element_type=\"widget\" data-widget_type=\"heading.default\">\n\t\t\t\t\t<h3 class=\"elementor-heading-title elementor-size-default\">Pyroshop Genova<\/h3>\t\t\t\t<\/div>\n\t\t\t\t<div class=\"elementor-element elementor-element-6302e77 elementor-widget elementor-widget-google_maps\" data-id=\"6302e77\" data-element_type=\"widget\" data-widget_type=\"google_maps.default\">\n\t\t\t\t\t\t\t<div class=\"elementor-custom-embed\">\n\t\t\t<iframe loading=\"lazy\"\n\t\t\t\t\tsrc=\"https:\/\/maps.google.com\/maps?q=Via%20Camaldoli%2023%20%2016132%20Genova%20-%20Italia&#038;t=m&#038;z=10&#038;output=embed&#038;iwloc=near\"\n\t\t\t\t\ttitle=\"Via Camaldoli 23  16132 Genova - Italia\"\n\t\t\t\t\taria-label=\"Via Camaldoli 23  16132 Genova - Italia\"\n\t\t\t><\/iframe>\n\t\t<\/div>\n\t\t\t\t\t\t<\/div>\n\t\t\t\t<div class=\"elementor-element elementor-element-67f84ee elementor-widget elementor-widget-text-editor\" data-id=\"67f84ee\" data-element_type=\"widget\" data-widget_type=\"text-editor.default\">\n\t\t\t\t\t\t\t\t\t<div dir=\"ltr\"><div class=\"\">Via Camaldoli 23<\/div><\/div><p>16132 Genova &#8211; Italia<br \/>tel. <a title=\"chiama il Pyroshop di Genova\" href=\"tel:+390105222785\">010.5222785<\/a><br \/><a href=\"mailto:info@setti.it\">info@setti.it<\/a><\/p><p><a href=\"mailto:pietro.boero@setti.it\">pietro.boero@setti.it<\/a><\/p><p><strong>Orari apertura:<\/strong><\/p><p>Aperto tutti i giorni con orario continuato.<br \/>Per ulteriori informazioni consulare gli orari aggiornati su google maps!<\/p>\t\t\t\t\t\t\t\t<\/div>\n\t\t\t\t<\/div>\n\t\t\t\t<\/div>\n\t\t<div class=\"elementor-element elementor-element-f22ca21 e-con-full e-flex e-con e-child\" data-id=\"f22ca21\" data-element_type=\"container\" data-settings=\"{&quot;background_background&quot;:&quot;classic&quot;}\">\n\t\t\t\t<div class=\"elementor-element elementor-element-69ac510 elementor-button-align-stretch elementor-widget elementor-widget-form\" data-id=\"69ac510\" data-element_type=\"widget\" data-settings=\"{&quot;button_width&quot;:&quot;30&quot;,&quot;step_next_label&quot;:&quot;Successivo&quot;,&quot;step_previous_label&quot;:&quot;Precedente&quot;,&quot;step_type&quot;:&quot;number_text&quot;,&quot;step_icon_shape&quot;:&quot;circle&quot;}\" data-widget_type=\"form.default\">\n\t\t\t\t\t\t\t<form class=\"elementor-form\" method=\"post\" name=\"Nuovo modulo\" aria-label=\"Nuovo modulo\">\n\t\t\t<input type=\"hidden\" name=\"post_id\" value=\"1257\"\/>\n\t\t\t<input type=\"hidden\" name=\"form_id\" value=\"69ac510\"\/>\n\t\t\t<input type=\"hidden\" name=\"referer_title\" value=\"Contatti - Pyroshop Genova\" \/>\n\n\t\t\t\t\t\t\t<input type=\"hidden\" name=\"queried_id\" value=\"1257\"\/>\n\t\t\t\n\t\t\t<div class=\"elementor-form-fields-wrapper elementor-labels-above\">\n\t\t\t\t\t\t\t\t<div class=\"elementor-field-type-text elementor-field-group elementor-column elementor-field-group-name elementor-col-100\">\n\t\t\t\t\t\t\t\t\t\t\t\t<label for=\"form-field-name\" class=\"elementor-field-label\">\n\t\t\t\t\t\t\t\tNome e Cognome\t\t\t\t\t\t\t<\/label>\n\t\t\t\t\t\t\t\t\t\t\t\t\t\t<input size=\"1\" type=\"text\" name=\"form_fields[name]\" id=\"form-field-name\" class=\"elementor-field elementor-size-md  elementor-field-textual\" placeholder=\"Nome\">\n\t\t\t\t\t\t\t\t\t\t\t<\/div>\n\t\t\t\t\t\t\t\t<div class=\"elementor-field-type-tel elementor-field-group elementor-column elementor-field-group-field_796890b elementor-col-100\">\n\t\t\t\t\t\t\t\t\t\t\t\t<label for=\"form-field-field_796890b\" class=\"elementor-field-label\">\n\t\t\t\t\t\t\t\tTelefono\t\t\t\t\t\t\t<\/label>\n\t\t\t\t\t\t\t\t<input size=\"1\" type=\"tel\" name=\"form_fields[field_796890b]\" id=\"form-field-field_796890b\" class=\"elementor-field elementor-size-md  elementor-field-textual\" pattern=\"[0-9()#&amp;+*-=.]+\" title=\"Sono accettati solo numeri e caratteri telefonici (#, -, *, ecc.).\">\n\n\t\t\t\t\t\t<\/div>\n\t\t\t\t\t\t\t\t<div class=\"elementor-field-type-email elementor-field-group elementor-column elementor-field-group-email elementor-col-100 elementor-field-required\">\n\t\t\t\t\t\t\t\t\t\t\t\t<label for=\"form-field-email\" class=\"elementor-field-label\">\n\t\t\t\t\t\t\t\tEmail\t\t\t\t\t\t\t<\/label>\n\t\t\t\t\t\t\t\t\t\t\t\t\t\t<input size=\"1\" type=\"email\" name=\"form_fields[email]\" id=\"form-field-email\" class=\"elementor-field elementor-size-md  elementor-field-textual\" placeholder=\"Email\" required=\"required\">\n\t\t\t\t\t\t\t\t\t\t\t<\/div>\n\t\t\t\t\t\t\t\t<div class=\"elementor-field-type-textarea elementor-field-group elementor-column elementor-field-group-message elementor-col-100\">\n\t\t\t\t\t\t\t\t\t\t\t\t<label for=\"form-field-message\" class=\"elementor-field-label\">\n\t\t\t\t\t\t\t\tMessaggio\t\t\t\t\t\t\t<\/label>\n\t\t\t\t\t\t<textarea class=\"elementor-field-textual elementor-field  elementor-size-md\" name=\"form_fields[message]\" id=\"form-field-message\" rows=\"4\" placeholder=\"Messaggio\"><\/textarea>\t\t\t\t<\/div>\n\t\t\t\t\t\t\t\t<div class=\"elementor-field-type-acceptance elementor-field-group elementor-column elementor-field-group-field_4484816 elementor-col-100 elementor-field-required\">\n\t\t\t\t\t\t\t\t\t\t\t\t<label for=\"form-field-field_4484816\" class=\"elementor-field-label\">\n\t\t\t\t\t\t\t\tPolicy Privacy\t\t\t\t\t\t\t<\/label>\n\t\t\t\t\t\t\t\t<div class=\"elementor-field-subgroup\">\n\t\t\t<span class=\"elementor-field-option\">\n\t\t\t\t<input type=\"checkbox\" name=\"form_fields[field_4484816]\" id=\"form-field-field_4484816\" class=\"elementor-field elementor-size-md  elementor-acceptance-field\" required=\"required\">\n\t\t\t\t<label for=\"form-field-field_4484816\">Acconsento esplicitamente l\u2019utilizzo dei miei dati personali forniti in base alla legge delega n. 163\/2017 (GDPR 2018 in vigore dal 25 maggio 2018) e che aggiorna la precedente legge sulla privacy ex D. Lgs. 196\/2003 recante il \u201cCodice in materia di protezione dei dati personali\u201d. I dati acquisiti con riferimento al servizio qui presente saranno oggetto di trattamento nel rispetto della normativa sopra richiamata. Il trattamento dei dati si svolge nel rispetto dei diritti delle libert\u00e0 fondamentali, nonch\u00e9 nella dignit\u00e0 dell\u2019interessato, con particolare riferimento alla riservatezza e all\u2019identit\u00e0 personale e al diritto alla protezione dei dati personali. In ogni momento potr\u00e0 esercitare i propri diritti nei confronti del titolare del trattamento, ai sensi dell\u2019art. 17 del Reg. UE 679\/2016. Titolare del trattamento \u00e8 Setti Fireworks - Spettacoli pirotecnici e piromusicali - Sede legale Via Camaldoli 21 - 16132 Genova - Italia - P.IVA 01717530990. Conservare questa email per eventuali controlli sulla legge sulla Privacy.<\/label>\t\t\t<\/span>\n\t\t<\/div>\n\t\t\t\t\t\t<\/div>\n\t\t\t\t\t\t\t\t<div class=\"elementor-field-type-recaptcha_v3 elementor-field-group elementor-column elementor-field-group-field_f3e1fd1 elementor-col-100 recaptcha_v3-bottomright\">\n\t\t\t\t\t<div class=\"elementor-field\" id=\"form-field-field_f3e1fd1\"><div class=\"elementor-g-recaptcha\" data-sitekey=\"6LePeywsAAAAAPhGeqgu_WQcLB23GwcX0EvywKCk\" data-type=\"v3\" data-action=\"Form\" data-badge=\"bottomright\" data-size=\"invisible\"><\/div><\/div>\t\t\t\t<\/div>\n\t\t\t\t\t\t\t\t<div class=\"elementor-field-group elementor-column elementor-field-type-submit elementor-col-30 e-form__buttons\">\n\t\t\t\t\t<button class=\"elementor-button elementor-size-md\" type=\"submit\">\n\t\t\t\t\t\t<span class=\"elementor-button-content-wrapper\">\n\t\t\t\t\t\t\t\t\t\t\t\t\t\t\t\t\t\t\t\t\t\t<span class=\"elementor-button-text\">Invia<\/span>\n\t\t\t\t\t\t\t\t\t\t\t\t\t<\/span>\n\t\t\t\t\t<\/button>\n\t\t\t\t<\/div>\n\t\t\t<\/div>\n\t\t<\/form>\n\t\t\t\t\t\t<\/div>\n\t\t\t\t<\/div>\n\t\t\t\t<\/div>\n\t\t\t\t<\/div>\n\t\t","protected":false},"excerpt":{"rendered":"<p>Pyroshop Genova Via Camaldoli 23 16132 Genova &#8211; Italiatel. 010.5222785info@setti.it pietro.boero@setti.it Orari apertura: Aperto tutti i giorni con orario continuato.Per ulteriori informazioni consulare gli orari aggiornati su google maps!<\/p>\n","protected":false},"author":2,"featured_media":0,"parent":0,"menu_order":0,"comment_status":"closed","ping_status":"closed","template":"elementor_header_footer","meta":{"_acf_changed":false,"footnotes":""},"class_list":["post-1257","page","type-page","status-publish","hentry"],"acf":[],"yoast_head":"<!-- This site is optimized with the Yoast SEO plugin v26.5 - https:\/\/yoast.com\/wordpress\/plugins\/seo\/ -->\n<title>Contatti - Pyroshop Genova<\/title>\n<meta name=\"robots\" content=\"index, follow, max-snippet:-1, max-image-preview:large, max-video-preview:-1\" \/>\n<link rel=\"canonical\" href=\"https:\/\/setti.it\/pyroshop-genova\/contatti\/\" \/>\n<meta property=\"og:locale\" content=\"it_IT\" \/>\n<meta property=\"og:type\" content=\"article\" \/>\n<meta property=\"og:title\" content=\"Contatti - Pyroshop Genova\" \/>\n<meta property=\"og:description\" content=\"Pyroshop Genova Via Camaldoli 23 16132 Genova &#8211; Italiatel. 010.5222785info@setti.it pietro.boero@setti.it Orari apertura: Aperto tutti i giorni con orario continuato.Per ulteriori informazioni consulare gli orari aggiornati su google maps!\" \/>\n<meta property=\"og:url\" content=\"https:\/\/setti.it\/pyroshop-genova\/contatti\/\" \/>\n<meta property=\"og:site_name\" content=\"Pyroshop Genova\" \/>\n<meta property=\"article:modified_time\" content=\"2026-01-09T12:13:44+00:00\" \/>\n<meta property=\"og:image\" content=\"https:\/\/setti.it\/pyroshop-genova\/wp-content\/uploads\/sites\/4\/2025\/12\/pyro-setti-genova-1.jpeg\" \/>\n\t<meta property=\"og:image:width\" content=\"1\" \/>\n\t<meta property=\"og:image:height\" content=\"1\" \/>\n\t<meta property=\"og:image:type\" content=\"image\/jpeg\" \/>\n<meta name=\"twitter:card\" content=\"summary_large_image\" \/>\n<meta name=\"twitter:label1\" content=\"Tempo di lettura stimato\" \/>\n\t<meta name=\"twitter:data1\" content=\"2 minuti\" \/>\n<script type=\"application\/ld+json\" class=\"yoast-schema-graph\">{\"@context\":\"https:\/\/schema.org\",\"@graph\":[{\"@type\":\"WebPage\",\"@id\":\"https:\/\/setti.it\/pyroshop-genova\/contatti\/\",\"url\":\"https:\/\/setti.it\/pyroshop-genova\/contatti\/\",\"name\":\"Contatti - Pyroshop Genova\",\"isPartOf\":{\"@id\":\"https:\/\/setti.it\/pyroshop-genova\/#website\"},\"primaryImageOfPage\":{\"@id\":\"https:\/\/setti.it\/pyroshop-genova\/contatti\/#primaryimage\"},\"image\":{\"@id\":\"https:\/\/setti.it\/pyroshop-genova\/contatti\/#primaryimage\"},\"thumbnailUrl\":\"https:\/\/setti.it\/pyroshop-genova\/wp-content\/uploads\/sites\/4\/2025\/12\/pyro-setti-genova-1.jpeg\",\"datePublished\":\"2025-11-04T10:47:51+00:00\",\"dateModified\":\"2026-01-09T12:13:44+00:00\",\"breadcrumb\":{\"@id\":\"https:\/\/setti.it\/pyroshop-genova\/contatti\/#breadcrumb\"},\"inLanguage\":\"it-IT\",\"potentialAction\":[{\"@type\":\"ReadAction\",\"target\":[\"https:\/\/setti.it\/pyroshop-genova\/contatti\/\"]}]},{\"@type\":\"ImageObject\",\"inLanguage\":\"it-IT\",\"@id\":\"https:\/\/setti.it\/pyroshop-genova\/contatti\/#primaryimage\",\"url\":\"https:\/\/setti.it\/pyroshop-genova\/wp-content\/uploads\/sites\/4\/2025\/12\/pyro-setti-genova-1.jpeg\",\"contentUrl\":\"https:\/\/setti.it\/pyroshop-genova\/wp-content\/uploads\/sites\/4\/2025\/12\/pyro-setti-genova-1.jpeg\"},{\"@type\":\"BreadcrumbList\",\"@id\":\"https:\/\/setti.it\/pyroshop-genova\/contatti\/#breadcrumb\",\"itemListElement\":[{\"@type\":\"ListItem\",\"position\":1,\"name\":\"Home\",\"item\":\"https:\/\/setti.it\/pyroshop-genova\/\"},{\"@type\":\"ListItem\",\"position\":2,\"name\":\"Contatti\"}]},{\"@type\":\"WebSite\",\"@id\":\"https:\/\/setti.it\/pyroshop-genova\/#website\",\"url\":\"https:\/\/setti.it\/pyroshop-genova\/\",\"name\":\"Pyroshop Genova\",\"description\":\"Scopri la magia dei fuochi d&#039;artificio\",\"publisher\":{\"@id\":\"https:\/\/setti.it\/pyroshop-genova\/#organization\"},\"potentialAction\":[{\"@type\":\"SearchAction\",\"target\":{\"@type\":\"EntryPoint\",\"urlTemplate\":\"https:\/\/setti.it\/pyroshop-genova\/?s={search_term_string}\"},\"query-input\":{\"@type\":\"PropertyValueSpecification\",\"valueRequired\":true,\"valueName\":\"search_term_string\"}}],\"inLanguage\":\"it-IT\"},{\"@type\":\"Organization\",\"@id\":\"https:\/\/setti.it\/pyroshop-genova\/#organization\",\"name\":\"Pyroshop Genova\",\"url\":\"https:\/\/setti.it\/pyroshop-genova\/\",\"logo\":{\"@type\":\"ImageObject\",\"inLanguage\":\"it-IT\",\"@id\":\"https:\/\/setti.it\/pyroshop-genova\/#\/schema\/logo\/image\/\",\"url\":\"https:\/\/setti.it\/pyroshop-genova\/wp-content\/uploads\/sites\/4\/2025\/09\/setti-logo@150x.png\",\"contentUrl\":\"https:\/\/setti.it\/pyroshop-genova\/wp-content\/uploads\/sites\/4\/2025\/09\/setti-logo@150x.png\",\"caption\":\"Pyroshop Genova\"},\"image\":{\"@id\":\"https:\/\/setti.it\/pyroshop-genova\/#\/schema\/logo\/image\/\"}}]}<\/script>\n<!-- \/ Yoast SEO plugin. -->","yoast_head_json":{"title":"Contatti - Pyroshop Genova","robots":{"index":"index","follow":"follow","max-snippet":"max-snippet:-1","max-image-preview":"max-image-preview:large","max-video-preview":"max-video-preview:-1"},"canonical":"https:\/\/setti.it\/pyroshop-genova\/contatti\/","og_locale":"it_IT","og_type":"article","og_title":"Contatti - Pyroshop Genova","og_description":"Pyroshop Genova Via Camaldoli 23 16132 Genova &#8211; Italiatel. 010.5222785info@setti.it pietro.boero@setti.it Orari apertura: Aperto tutti i giorni con orario continuato.Per ulteriori informazioni consulare gli orari aggiornati su google maps!","og_url":"https:\/\/setti.it\/pyroshop-genova\/contatti\/","og_site_name":"Pyroshop Genova","article_modified_time":"2026-01-09T12:13:44+00:00","og_image":[{"url":"https:\/\/setti.it\/pyroshop-genova\/wp-content\/uploads\/sites\/4\/2025\/12\/pyro-setti-genova-1.jpeg","width":1,"height":1,"type":"image\/jpeg"}],"twitter_card":"summary_large_image","twitter_misc":{"Tempo di lettura stimato":"2 minuti"},"schema":{"@context":"https:\/\/schema.org","@graph":[{"@type":"WebPage","@id":"https:\/\/setti.it\/pyroshop-genova\/contatti\/","url":"https:\/\/setti.it\/pyroshop-genova\/contatti\/","name":"Contatti - Pyroshop Genova","isPartOf":{"@id":"https:\/\/setti.it\/pyroshop-genova\/#website"},"primaryImageOfPage":{"@id":"https:\/\/setti.it\/pyroshop-genova\/contatti\/#primaryimage"},"image":{"@id":"https:\/\/setti.it\/pyroshop-genova\/contatti\/#primaryimage"},"thumbnailUrl":"https:\/\/setti.it\/pyroshop-genova\/wp-content\/uploads\/sites\/4\/2025\/12\/pyro-setti-genova-1.jpeg","datePublished":"2025-11-04T10:47:51+00:00","dateModified":"2026-01-09T12:13:44+00:00","breadcrumb":{"@id":"https:\/\/setti.it\/pyroshop-genova\/contatti\/#breadcrumb"},"inLanguage":"it-IT","potentialAction":[{"@type":"ReadAction","target":["https:\/\/setti.it\/pyroshop-genova\/contatti\/"]}]},{"@type":"ImageObject","inLanguage":"it-IT","@id":"https:\/\/setti.it\/pyroshop-genova\/contatti\/#primaryimage","url":"https:\/\/setti.it\/pyroshop-genova\/wp-content\/uploads\/sites\/4\/2025\/12\/pyro-setti-genova-1.jpeg","contentUrl":"https:\/\/setti.it\/pyroshop-genova\/wp-content\/uploads\/sites\/4\/2025\/12\/pyro-setti-genova-1.jpeg"},{"@type":"BreadcrumbList","@id":"https:\/\/setti.it\/pyroshop-genova\/contatti\/#breadcrumb","itemListElement":[{"@type":"ListItem","position":1,"name":"Home","item":"https:\/\/setti.it\/pyroshop-genova\/"},{"@type":"ListItem","position":2,"name":"Contatti"}]},{"@type":"WebSite","@id":"https:\/\/setti.it\/pyroshop-genova\/#website","url":"https:\/\/setti.it\/pyroshop-genova\/","name":"Pyroshop Genova","description":"Scopri la magia dei fuochi d&#039;artificio","publisher":{"@id":"https:\/\/setti.it\/pyroshop-genova\/#organization"},"potentialAction":[{"@type":"SearchAction","target":{"@type":"EntryPoint","urlTemplate":"https:\/\/setti.it\/pyroshop-genova\/?s={search_term_string}"},"query-input":{"@type":"PropertyValueSpecification","valueRequired":true,"valueName":"search_term_string"}}],"inLanguage":"it-IT"},{"@type":"Organization","@id":"https:\/\/setti.it\/pyroshop-genova\/#organization","name":"Pyroshop Genova","url":"https:\/\/setti.it\/pyroshop-genova\/","logo":{"@type":"ImageObject","inLanguage":"it-IT","@id":"https:\/\/setti.it\/pyroshop-genova\/#\/schema\/logo\/image\/","url":"https:\/\/setti.it\/pyroshop-genova\/wp-content\/uploads\/sites\/4\/2025\/09\/setti-logo@150x.png","contentUrl":"https:\/\/setti.it\/pyroshop-genova\/wp-content\/uploads\/sites\/4\/2025\/09\/setti-logo@150x.png","caption":"Pyroshop Genova"},"image":{"@id":"https:\/\/setti.it\/pyroshop-genova\/#\/schema\/logo\/image\/"}}]}},"jetpack_sharing_enabled":true,"_links":{"self":[{"href":"https:\/\/setti.it\/pyroshop-genova\/wp-json\/wp\/v2\/pages\/1257","targetHints":{"allow":["GET"]}}],"collection":[{"href":"https:\/\/setti.it\/pyroshop-genova\/wp-json\/wp\/v2\/pages"}],"about":[{"href":"https:\/\/setti.it\/pyroshop-genova\/wp-json\/wp\/v2\/types\/page"}],"author":[{"embeddable":true,"href":"https:\/\/setti.it\/pyroshop-genova\/wp-json\/wp\/v2\/users\/2"}],"replies":[{"embeddable":true,"href":"https:\/\/setti.it\/pyroshop-genova\/wp-json\/wp\/v2\/comments?post=1257"}],"version-history":[{"count":58,"href":"https:\/\/setti.it\/pyroshop-genova\/wp-json\/wp\/v2\/pages\/1257\/revisions"}],"predecessor-version":[{"id":1775,"href":"https:\/\/setti.it\/pyroshop-genova\/wp-json\/wp\/v2\/pages\/1257\/revisions\/1775"}],"wp:attachment":[{"href":"https:\/\/setti.it\/pyroshop-genova\/wp-json\/wp\/v2\/media?parent=1257"}],"curies":[{"name":"wp","href":"https:\/\/api.w.org\/{rel}","templated":true}]}}